{"id":6,"date":"2015-09-25T13:49:16","date_gmt":"2015-09-25T13:49:16","guid":{"rendered":"http:\/\/localhost\/camaraavare\/web\/atividades\/?page_id=6"},"modified":"2023-06-01T15:01:53","modified_gmt":"2023-06-01T15:01:53","slug":"comissao-especial-de-estudos-da-saude","status":"publish","type":"page","link":"https:\/\/camaraavare.sp.gov.br\/atividades\/index.php\/comissao-especial-de-estudos-da-saude\/","title":{"rendered":"Comiss\u00e3o Especial de Estudos da Sa\u00fade"},"content":{"rendered":"<p><a href=\"https:\/\/camaraavare.sp.gov.br\/atividades\/wp-content\/uploads\/2015\/09\/comissao_saude.jpg\"><img loading=\"lazy\" decoding=\"async\" class=\"alignnone size-full wp-image-13\" src=\"http:\/\/camaraavare.sp.gov.br\/atividades\/wp-content\/uploads\/2015\/09\/comissao_saude.jpg\" alt=\"comissao_saude\" width=\"550\" height=\"325\" srcset=\"https:\/\/camaraavare.sp.gov.br\/atividades\/wp-content\/uploads\/2015\/09\/comissao_saude.jpg 550w, https:\/\/camaraavare.sp.gov.br\/atividades\/wp-content\/uploads\/2015\/09\/comissao_saude-300x177.jpg 300w\" sizes=\"auto, (max-width: 550px) 100vw, 550px\" \/><\/a><\/p>\n<p>Acompanhe pelo site da C\u00e2mara os trabalhos da Comiss\u00e3o Especial de Estudos da Sa\u00fade, com presid\u00eancia do vereador Marcelo Ortega, tendo ainda como membros integrantes os vereadores Bruna Silvestre, Ros\u00e2ngela Paulucci, Tuc\u00e3o e Ernesto Albuquerque.<\/p>\n<p>Reuni\u00e3o dia 14\/08\/2015: <a href=\"https:\/\/camaraavare.sp.gov.br\/materias\/diversos\/cees01000012015.pdf\" target=\"_blank\" rel=\"noopener\" data-wplink-edit=\"true\">Ata<\/a><\/p>\n<p>Reuni\u00e3o dia 20\/08\/2015: <a href=\"https:\/\/camaraavare.sp.gov.br\/materias\/diversos\/cees01000022015.pdf\">Ata<\/a><\/p>\n<p>Reuni\u00e3o dia 27\/08\/2015: <a href=\"https:\/\/camaraavare.sp.gov.br\/materias\/diversos\/cees01000032015.pdf\" target=\"_blank\" rel=\"noopener\">Ata<\/a> &#8211; <a href=\"https:\/\/www.youtube.com\/watch?v=7tPDnRNgzs8\" target=\"_blank\" rel=\"noopener\">v\u00eddeo da reuni\u00e3o<\/a><\/p>\n<p>Reuni\u00e3o dia 02\/09\/2015: <a href=\"https:\/\/camaraavare.sp.gov.br\/materias\/diversos\/cees01000042015.pdf\" target=\"_blank\" rel=\"noopener\">Ata<\/a> &#8211; <a href=\"https:\/\/www.youtube.com\/watch?v=K8o6VbpSUOw\">v\u00eddeo da reuni\u00e3o<\/a><\/p>\n<p>Reuni\u00e3o dia 17\/09\/2015: <a href=\"https:\/\/www.youtube.com\/watch?v=5M_1SqHrXdg\" target=\"_blank\" rel=\"noopener\">v\u00eddeo da reuni\u00e3o<\/a><\/p>\n<p>Reuni\u00e3o do dia 24\/09\/2015: v\u00eddeos da reuni\u00e3o: <a href=\"https:\/\/www.youtube.com\/watch?v=wosNg4wNfBk\" target=\"_blank\" rel=\"noopener\">parte 1<\/a> |<a href=\"https:\/\/www.youtube.com\/watch?v=drg7PBBtWTY\" target=\"_blank\" rel=\"noopener\"> parte 2<\/a><\/p>\n<p>Reuni\u00e3o do dia 01\/10\/2015: <a href=\"https:\/\/www.youtube.com\/watch?v=0CjCh8L9IiY\">v\u00eddeo da reuni\u00e3o<\/a><\/p>\n<p>Reuni\u00e3o do dia 08\/10\/2015: v\u00eddeos da reuni\u00e3o: <a href=\"https:\/\/www.youtube.com\/watch?v=GidFXt-RMfc\">parte1<\/a> |<a href=\"https:\/\/www.youtube.com\/watch?v=GG-BtRvuSxY\"> parte 2<\/a><\/p>\n<p class=\"yt watch-title-container\"><span id=\"eow-title\" class=\"watch-title \" dir=\"ltr\" title=\"comiss\u00e3o especial da sa\u00fade 15.10.2015\">Reuni\u00e3o do dia 15\/10\/2015: <a href=\"https:\/\/www.youtube.com\/watch?v=xcpyKFGKewI\" target=\"_blank\" rel=\"noopener\">v\u00eddeo da reuni\u00e3o<\/a><\/span><\/p>\n<p class=\"yt watch-title-container\">Reuni\u00e3o do dia 22\/10\/2015: <a href=\"https:\/\/www.youtube.com\/watch?v=zcv6i_cjEH8&amp;feature\">v\u00eddeo da reuni\u00e3o<\/a><\/p>\n<p class=\"yt watch-title-container\">Reuni\u00e3o do dia 29\/10\/2015: <a href=\"https:\/\/www.youtube.com\/watch?v=Ag3Uy4tghBc\">v\u00eddeo da reuni\u00e3o<\/a><\/p>\n<p class=\"yt watch-title-container\">Reuni\u00e3o do dia 12\/11\/2015: <a href=\"https:\/\/www.youtube.com\/watch?v=aAIbrd9LFCs\">v\u00eddeo da reuni\u00e3o<\/a><\/p>\n<p class=\"yt watch-title-container\">Reuni\u00e3o do dia 19\/11\/2015: <a href=\"https:\/\/www.youtube.com\/watch?v=hEt_i-_iM_8&amp;list=PLvRxFQF6k7LdNJW_vsSpGKJYQ4pm4WAZF&amp;index=13\">v\u00eddeo da reuni\u00e3o<\/a><\/p>\n<p class=\"yt watch-title-container\">Reuni\u00e3o do dia 11\/02\/2016:&nbsp;<a href=\"https:\/\/www.youtube.com\/embed\/F8urJLAr8QQ\" target=\"_blank\" rel=\"noopener\">v\u00eddeo da reuni\u00e3o<\/a><\/p>\n<p class=\"yt watch-title-container\">Reuni\u00e3o do dia 09\/03\/2016: <a href=\"https:\/\/youtu.be\/zNcySb7A0E0?list=PLvRxFQF6k7LdNJW_vsSpGKJYQ4pm4WAZF\">v\u00eddeo da reuni\u00e3o<\/a><\/p>\n<p class=\"yt watch-title-container\">Reuni\u00e3o do dia 12\/04\/2016: <a href=\"https:\/\/youtu.be\/PZ-zqqgBMeU\">v\u00eddeo da reuni\u00e3o<\/a><\/p>\n<p class=\"yt watch-title-container\"><a href=\"https:\/\/camaraavare.sp.gov.br\/arquivos\/ComissaoEspecialSaude-RelatorioFinal.pdf\" target=\"_blank\" rel=\"noopener\">Relat\u00f3rio Final da Comiss\u00e3o Especial de Sa\u00fade<\/a><\/p>\n<p class=\"yt watch-title-container\">A Comiss\u00e3o Especial da Sa\u00fade concluiu seus trabalhos e entregou um <a href=\"https:\/\/camaraavare.sp.gov.br\/arquivos\/ComissaoEspecialSaude-RelatorioFinal.pdf\" target=\"_blank\" rel=\"noopener\">relat\u00f3rio final<\/a> muito valioso para tomadas de decis\u00f5es na \u00e1rea da sa\u00fade p\u00fablica em Avar\u00e9. Documento in\u00e9dito, o parecer final aponta caminhos e prop\u00f5e solu\u00e7\u00f5es para agilizar o atendimento aos cidad\u00e3os e aumentar a efici\u00eancia, a produtividade e os resultados. Apresentamos o material em coletiva de imprensa e faremos chegar \u00e1 toda a sociedade avareense.<\/p>\n<p class=\"yt watch-title-container\"><a href=\"https:\/\/camaraavare.sp.gov.br\/atividades\/wp-content\/uploads\/2015\/09\/relatorio_final_comissao_saude.jpg\"><img loading=\"lazy\" decoding=\"async\" class=\"alignnone size-full wp-image-43\" src=\"https:\/\/camaraavare.sp.gov.br\/atividades\/wp-content\/uploads\/2015\/09\/relatorio_final_comissao_saude.jpg\" alt=\"relatorio_final_comissao_saude\" width=\"960\" height=\"720\" srcset=\"https:\/\/camaraavare.sp.gov.br\/atividades\/wp-content\/uploads\/2015\/09\/relatorio_final_comissao_saude.jpg 960w, https:\/\/camaraavare.sp.gov.br\/atividades\/wp-content\/uploads\/2015\/09\/relatorio_final_comissao_saude-300x225.jpg 300w, https:\/\/camaraavare.sp.gov.br\/atividades\/wp-content\/uploads\/2015\/09\/relatorio_final_comissao_saude-624x468.jpg 624w\" sizes=\"auto, (max-width: 960px) 100vw, 960px\" \/><\/a><\/p>\n<p class=\"yt watch-title-container\">\n","protected":false},"excerpt":{"rendered":"<p>Acompanhe pelo site da C\u00e2mara os trabalhos da Comiss\u00e3o Especial de Estudos da Sa\u00fade, com presid\u00eancia do vereador Marcelo Ortega, tendo ainda como membros integrantes os vereadores Bruna Silvestre, Ros\u00e2ngela Paulucci, Tuc\u00e3o e Ernesto Albuquerque. Reuni\u00e3o dia 14\/08\/2015: Ata Reuni\u00e3o dia 20\/08\/2015: Ata Reuni\u00e3o dia 27\/08\/2015: Ata &#8211; v\u00eddeo da reuni\u00e3o Reuni\u00e3o dia 02\/09\/2015: Ata [&hellip;]<\/p>\n","protected":false},"author":1,"featured_media":0,"parent":0,"menu_order":0,"comment_status":"closed","ping_status":"closed","template":"","meta":{"footnotes":""},"class_list":["post-6","page","type-page","status-publish","hentry"],"_links":{"self":[{"href":"https:\/\/camaraavare.sp.gov.br\/atividades\/index.php\/wp-json\/wp\/v2\/pages\/6","targetHints":{"allow":["GET"]}}],"collection":[{"href":"https:\/\/camaraavare.sp.gov.br\/atividades\/index.php\/wp-json\/wp\/v2\/pages"}],"about":[{"href":"https:\/\/camaraavare.sp.gov.br\/atividades\/index.php\/wp-json\/wp\/v2\/types\/page"}],"author":[{"embeddable":true,"href":"https:\/\/camaraavare.sp.gov.br\/atividades\/index.php\/wp-json\/wp\/v2\/users\/1"}],"replies":[{"embeddable":true,"href":"https:\/\/camaraavare.sp.gov.br\/atividades\/index.php\/wp-json\/wp\/v2\/comments?post=6"}],"version-history":[{"count":21,"href":"https:\/\/camaraavare.sp.gov.br\/atividades\/index.php\/wp-json\/wp\/v2\/pages\/6\/revisions"}],"predecessor-version":[{"id":192,"href":"https:\/\/camaraavare.sp.gov.br\/atividades\/index.php\/wp-json\/wp\/v2\/pages\/6\/revisions\/192"}],"wp:attachment":[{"href":"https:\/\/camaraavare.sp.gov.br\/atividades\/index.php\/wp-json\/wp\/v2\/media?parent=6"}],"curies":[{"name":"wp","href":"https:\/\/api.w.org\/{rel}","templated":true}]}}