{"id":431,"date":"2026-04-07T14:31:56","date_gmt":"2026-04-07T17:31:56","guid":{"rendered":"https:\/\/camaraavare.sp.gov.br\/atividades\/?page_id=431"},"modified":"2026-04-07T15:17:19","modified_gmt":"2026-04-07T18:17:19","slug":"ouvidoria","status":"publish","type":"page","link":"https:\/\/camaraavare.sp.gov.br\/atividades\/index.php\/ouvidoria\/","title":{"rendered":"Ouvidoria"},"content":{"rendered":"\n<p>A Ouvidoria tem como objetivo a comunica\u00e7\u00e3o direta entre o cidad\u00e3o e a C\u00e2mara Municipal de Avar\u00e9.<\/p>\n\n\n\n<p>Implantado pelo <a href=\"https:\/\/avare.siscam.com.br\/Documentos\/Documento\/209037\">Projeto de Resolu\u00e7\u00e3o 16\/2025<\/a>, \u00e9 um canal aberto para o acolhimento das solicita\u00e7\u00f5es, pedidos de informa\u00e7\u00e3o, sugest\u00f5es, elogios, reclama\u00e7\u00f5es, cr\u00edticas e qualquer outra manifesta\u00e7\u00e3o do cidad\u00e3o, relacionada \u00e0s atividades, atribui\u00e7\u00f5es e compet\u00eancias da C\u00e2mara Municipal.<\/p>\n\n\n\n<p>\u00c9 o canal de di\u00e1logo entre a sociedade e a C\u00e2mara, uma porta aberta para o exerc\u00edcio da cidadania. \u00c9 o espa\u00e7o que permite ao cidad\u00e3o colaborar com a melhoria da qualidade dos servi\u00e7os prestados \u00e0 popula\u00e7\u00e3o, na execu\u00e7\u00e3o de sua atividade.<\/p>\n\n\n\n<p>Objetiva ainda tornar a sociedade mais participativa, proporcionando o controle social e permitindo que a gest\u00e3o da C\u00e2mara atue para atender as necessidades da sociedade, de forma c\u00e9lere, eficiente e transparente, contribuindo para a forma\u00e7\u00e3o de uma cultura de respeito aos direitos do cidad\u00e3o, promovendo e incentivando o exerc\u00edcio da cidadania e da democracia.<\/p>\n\n\n\n<h2 class=\"wp-block-heading\">Finalidades da Manifesta\u00e7\u00e3o<\/h2>\n\n\n\n<p><strong>Sugest\u00e3o <\/strong>&#8211; proposi\u00e7\u00e3o de ideia ou formula\u00e7\u00e3o de proposta de aprimoramento de pol\u00edticas e servi\u00e7os prestados pela Administra\u00e7\u00e3o P\u00fablica federal<br><strong>Elogio <\/strong>&#8211; demonstra\u00e7\u00e3o do reconhecimento ou satisfa\u00e7\u00e3o sobre o servi\u00e7o oferecido ou atendimento recebido<br><strong>Solicita\u00e7\u00e3o <\/strong>&#8211; requerimento de ado\u00e7\u00e3o de provid\u00eancia por parte da Administra\u00e7\u00e3o<br><strong>Reclama\u00e7\u00e3o <\/strong>&#8211; demonstra\u00e7\u00e3o de insatisfa\u00e7\u00e3o relativa a servi\u00e7o p\u00fablico<br><strong>Den\u00fancia <\/strong>&#8211; Comunica\u00e7\u00e3o de pr\u00e1tica de ato il\u00edcito cuja solu\u00e7\u00e3o dependa da atua\u00e7\u00e3o de \u00f3rg\u00e3o de controle interno ou externo. Caso suspeite de alguma atividade il\u00edcita, envie sua den\u00fancia \u00e0 Ouvidoria. Todo o processo \u00e9 feito via sistema e a prote\u00e7\u00e3o dos seus dados pessoais \u00e9 garantida. Voc\u00ea deve apresentar os fatos de forma clara e objetiva, contendo elementos m\u00ednimos como CPF, CNPJ, nomes dos envolvidos ou quaisquer informa\u00e7\u00f5es que julgue importante para apura\u00e7\u00e3o do fato. A Ouvidoria tem o dever de proteger a identidade do denunciante. Se ainda se sentir receoso, voc\u00ea poder\u00e1 fazer um relato an\u00f4nimo; mas, nesse caso, n\u00e3o receber\u00e1 n\u00famero de protocolo para acompanhar a demanda ou receber resposta conclusiva.<\/p>\n\n\n\n<p>As sugest\u00f5es, reclama\u00e7\u00f5es e observa\u00e7\u00f5es podem ser encaminhadas \u00e0 Ouvidoria por meio do formul\u00e1rio ou por um dos canais identificados a seguir. O prazo m\u00e1ximo de resposta depende da natureza da manifesta\u00e7\u00e3o, normalmente em at\u00e9 20 dias para resposta ao usu\u00e1rio.<\/p>\n\n\n\n<p>A Ouvidoria responde ainda pelas demandas enviadas ao Legislativo municipal com base na Lei de Acesso \u00e0 Informa\u00e7\u00e3o (LAI). Os questionamentos com base nessa lei podem ser enviados \u00e0 C\u00e2mara preenchendo-se o formul\u00e1rio, por meio de e-mail ou pessoalmente.<\/p>\n\n\n\n<h2 class=\"wp-block-heading\"><strong>Tipos de atendimento<\/strong><\/h2>\n\n\n\n<h3 class=\"wp-block-heading\">e-SIC<\/h3>\n\n\n\n<p>O SIC (Servi\u00e7o de Informa\u00e7\u00f5es ao Cidad\u00e3o) permite que qualquer pessoa, f\u00edsica ou jur\u00eddica,, encaminhe pedidos de acesso \u00e0 informa\u00e7\u00e3o ao Poder Legislativo da Est\u00e2ncia Tur\u00edstica de Avar\u00e9.<br>Por meio do sistema, al\u00e9m de fazer o pedido e receber a resposta da solicita\u00e7\u00e3o por e-mail, o cidad\u00e3o poder\u00e1 entrar com recursos e apresentar reclama\u00e7\u00f5es, tendo por objetivo facilitar o exerc\u00edcio do direito de acesso \u00e0s informa\u00e7\u00f5es p\u00fablicas.<br>O Sic (Servi\u00e7o de Informa\u00e7\u00f5es ao Cidad\u00e3o) \u00e9 um sistema web que centraliza todos os pedidos de informa\u00e7\u00e3o amparados pela Lei de Acesso \u00e0 Informa\u00e7\u00e3o (n\u00ba 12.527\/2011 e Decreto n\u00ba 7.724\/2012) dirigidos ao Poder Legislativo.<\/p>\n\n\n\n<p>CERTIFIQUE-SE DE QUE A INFORMA\u00c7\u00c3O DESEJADA N\u00c3O EST\u00c1 DISPON\u00cdVEL NO PORTAL DA TRANSPAR\u00caNCIA E LEIA COM ATEN\u00c7\u00c3O AS INSTRU\u00c7\u00d5ES ABAIXO ANTES DE INICIAR O PREENCHIMENTO:<\/p>\n\n\n\n<ol class=\"wp-block-list\">\n<li>O presente formul\u00e1rio eletr\u00f4nico \u00e9 o meio atrav\u00e9s do qual voc\u00ea apresentar\u00e1 seu requerimento de acesso a informa\u00e7\u00f5es p\u00fablicas.<\/li>\n\n\n\n<li>Certifique-se de que seu endere\u00e7o eletr\u00f4nico (e-mail), e seu n\u00famero telef\u00f4nico foram corretamente informados para que seja poss\u00edvel receber a resposta. A resposta ser\u00e1 enviada preferencialmente por e-mail.<\/li>\n<\/ol>\n\n\n\n<p><a href=\"https:\/\/scpi.avare.sp.gov.br\/transparenciacamara\/?AcessoIndividual=lnkESIC\">Sistema Eletr\u00f4nico do Servi\u00e7o de Informa\u00e7\u00e3o ao Cidad\u00e3o &#8211; e-SIC<\/a><\/p>\n\n\n\n<h3 class=\"wp-block-heading\">Fale Conosco<\/h3>\n\n\n\n<p>O presente formul\u00e1rio eletr\u00f4nico \u00e9 o meio atrav\u00e9s do qual voc\u00ea poder\u00e1 entrar em contato conosco.<\/p>\n\n\n\n<p>Portanto, o adequado preenchimento de todos os campos de identifica\u00e7\u00e3o s\u00e3o necess\u00e1rios. Seu pedido somente ser\u00e1 processado se corretamente informados os dados de identifica\u00e7\u00e3o.<\/p>\n\n\n\n<p>Certifique-se de que seu endere\u00e7o eletr\u00f4nico (e-mail), foi corretamente informado para que seja poss\u00edvel receber a resposta. A resposta ser\u00e1 enviada por e-mail.<\/p>\n\n\n\n<p><a href=\"https:\/\/camaraavare.sp.gov.br\/faleconosco.php\" data-type=\"link\" data-id=\"https:\/\/camaraavare.sp.gov.br\/faleconosco.php\">Fale Conosco<\/a><\/p>\n\n\n\n<h3 class=\"wp-block-heading\"><strong>Telefone<\/strong><\/h3>\n\n\n\n<p>(14) 3111-3085 ou 0800-77-10-999 (falar na Ouvidoria)<\/p>\n\n\n\n<p><strong>E-mail:<\/strong>&nbsp;<a href=\"mailto:ouvidoria@camaraavare.sp.gov.br\">ouvidoria@camaraavare.sp.gov.br<\/a><\/p>\n\n\n\n<p><strong>Presencial:<\/strong> Avenida Gilberto Filgueiras, 1631<br>Hor\u00e1rio de Funcionamento: 08h \u00e0s 17h &#8211; Segunda-feira a Sexta-feira<br>O local disp\u00f5e de recursos de acessibilidade.<\/p>\n\n\n\n<h2 class=\"wp-block-heading\">Ouvidor<\/h2>\n\n\n\n<p><strong>Alexandre da Silva Cust\u00f3dio<\/strong><br>Oficial de TI &#8211; Curso: 1144.O &#8211; 2026 : OUVIDORIA NA ADMINISTRA\u00c7\u00c3O P\u00daBLICA &#8211; T\u00c9CNICAS E ESTRAT\u00c9GIAS &#8211; IBRAP &#8211; 13\/03\/2026<\/p>\n\n\n\n<h2 class=\"wp-block-heading\"><\/h2>\n\n\n\n<figure class=\"wp-block-embed is-type-wp-embed is-provider-atividades-do-legislativo wp-block-embed-atividades-do-legislativo\"><div class=\"wp-block-embed__wrapper\">\n<blockquote class=\"wp-embedded-content\" data-secret=\"LVPCAMqnYq\"><a href=\"https:\/\/camaraavare.sp.gov.br\/atividades\/index.php\/2026\/04\/07\/carta-de-servicos\/\">Carta de Servi\u00e7os<\/a><\/blockquote><iframe loading=\"lazy\" class=\"wp-embedded-content\" sandbox=\"allow-scripts\" security=\"restricted\" style=\"position: absolute; visibility: hidden;\" title=\"&#8220;Carta de Servi\u00e7os&#8221; &#8212; Atividades do Legislativo\" src=\"https:\/\/camaraavare.sp.gov.br\/atividades\/index.php\/2026\/04\/07\/carta-de-servicos\/embed\/#?secret=wxO2QpbNsG#?secret=LVPCAMqnYq\" data-secret=\"LVPCAMqnYq\" width=\"600\" height=\"338\" frameborder=\"0\" marginwidth=\"0\" marginheight=\"0\" scrolling=\"no\"><\/iframe>\n<\/div><\/figure>\n\n\n\n<h2 class=\"wp-block-heading\">Legisla\u00e7\u00e3o<\/h2>\n\n\n\n<p><strong><a href=\"http:\/\/legislacao.planalto.gov.br\/legisla\/legislacao.nsf\/Viw_Identificacao\/lei%2013.460-2017?OpenDocument\">LEI N\u00ba 13.460, DE 26 DE JUNHO DE 2017.<\/a><\/strong> &#8211; Disp\u00f5e sobre participa\u00e7\u00e3o, prote\u00e7\u00e3o e defesa dos direitos do usu\u00e1rio dos servi\u00e7os p\u00fablicos da administra\u00e7\u00e3o p\u00fablica.<\/p>\n\n\n\n<p><strong><a href=\"http:\/\/legislacao.planalto.gov.br\/legisla\/legislacao.nsf\/Viw_Identificacao\/DEC%2010.228-2020?OpenDocument\">DECRETO N\u00ba 10.228, DE 5 DE FEVEREIRO DE 2020<\/a><\/strong> Altera o Decreto n\u00ba 9.492, de 5 de setembro de 2018, que regulamenta a Lei n\u00ba 13.460, de 26 de junho de 2017, para dispor sobre o Sistema de Ouvidoria do Poder Executivo federal e instituir os conselhos de usu\u00e1rios dos servi\u00e7os p\u00fablicos no \u00e2mbito da administra\u00e7\u00e3o p\u00fablica direta, indireta, aut\u00e1rquica e fundacional do Poder Executivo federal.<\/p>\n\n\n\n<p><strong><a href=\"http:\/\/legislacao.planalto.gov.br\/legisla\/legislacao.nsf\/Viw_Identificacao\/lei%2012.527-2011?OpenDocument\">LEI N\u00ba 12.527, DE 18 DE NOVEMBRO DE 2011<\/a><\/strong> (Lei de Acesso \u00e0 Informa\u00e7\u00e3o) Regula o acesso a informa\u00e7\u00f5es previsto no inciso XXXIII do art. 5\u00ba , no inciso II do \u00a7 3\u00ba do art. 37 e no \u00a7 2\u00ba do art. 216 da Constitui\u00e7\u00e3o Federal; altera a Lei n\u00ba 8.112, de 11 de dezembro de 1990; revoga a Lei n\u00ba 11.111, de 5 de maio de 2005, e dispositivos da Lei n\u00ba 8.159, de 8 de janeiro de 1991; e d\u00e1 outras provid\u00eancias.<\/p>\n\n\n\n<p><a href=\"https:\/\/www.legislacaodigital.com.br\/Avare-SP\/DecretosMunicipais\/4582-2016\">Decreto Municipal de regulamenta a lei 12527\/2011<\/a><\/p>\n\n\n\n<p><a href=\"https:\/\/www.ipea.gov.br\/portal\/images\/stories\/2014\/PORTARIAS\/in-crg-ogu-01-2014.pdf\">INSTRU\u00c7\u00c3O NORMATIVA CONJUNTA N\u00ba 01 CRG\/OGU, 24 DE JUNHO DE 2014.<\/a> Estabelece normas de recebimento e tratamento de den\u00fancias an\u00f4nimas e estabelece diretrizes para a reserva de  identidade do denunciante.<\/p>\n\n\n\n<p><\/p>\n","protected":false},"excerpt":{"rendered":"<p>A Ouvidoria tem como objetivo a comunica\u00e7\u00e3o direta entre o cidad\u00e3o e a C\u00e2mara Municipal de Avar\u00e9. Implantado pelo Projeto de Resolu\u00e7\u00e3o 16\/2025, \u00e9 um canal aberto para o acolhimento das solicita\u00e7\u00f5es, pedidos de informa\u00e7\u00e3o, sugest\u00f5es, elogios, reclama\u00e7\u00f5es, cr\u00edticas e qualquer outra manifesta\u00e7\u00e3o do cidad\u00e3o, relacionada \u00e0s atividades, atribui\u00e7\u00f5es e compet\u00eancias da C\u00e2mara Municipal. \u00c9 [&hellip;]<\/p>\n","protected":false},"author":1,"featured_media":0,"parent":0,"menu_order":0,"comment_status":"closed","ping_status":"closed","template":"","meta":{"footnotes":""},"class_list":["post-431","page","type-page","status-publish","hentry"],"_links":{"self":[{"href":"https:\/\/camaraavare.sp.gov.br\/atividades\/index.php\/wp-json\/wp\/v2\/pages\/431","targetHints":{"allow":["GET"]}}],"collection":[{"href":"https:\/\/camaraavare.sp.gov.br\/atividades\/index.php\/wp-json\/wp\/v2\/pages"}],"about":[{"href":"https:\/\/camaraavare.sp.gov.br\/atividades\/index.php\/wp-json\/wp\/v2\/types\/page"}],"author":[{"embeddable":true,"href":"https:\/\/camaraavare.sp.gov.br\/atividades\/index.php\/wp-json\/wp\/v2\/users\/1"}],"replies":[{"embeddable":true,"href":"https:\/\/camaraavare.sp.gov.br\/atividades\/index.php\/wp-json\/wp\/v2\/comments?post=431"}],"version-history":[{"count":9,"href":"https:\/\/camaraavare.sp.gov.br\/atividades\/index.php\/wp-json\/wp\/v2\/pages\/431\/revisions"}],"predecessor-version":[{"id":453,"href":"https:\/\/camaraavare.sp.gov.br\/atividades\/index.php\/wp-json\/wp\/v2\/pages\/431\/revisions\/453"}],"wp:attachment":[{"href":"https:\/\/camaraavare.sp.gov.br\/atividades\/index.php\/wp-json\/wp\/v2\/media?parent=431"}],"curies":[{"name":"wp","href":"https:\/\/api.w.org\/{rel}","templated":true}]}}