{"id":391,"date":"2025-12-03T12:00:45","date_gmt":"2025-12-03T15:00:45","guid":{"rendered":"https:\/\/camaraavare.sp.gov.br\/atividades\/?page_id=391"},"modified":"2025-12-04T11:31:25","modified_gmt":"2025-12-04T14:31:25","slug":"plano-diretor","status":"publish","type":"page","link":"https:\/\/camaraavare.sp.gov.br\/atividades\/index.php\/plano-diretor\/","title":{"rendered":"Plano Diretor"},"content":{"rendered":"\n<p>Conselho Municipal do Plano Diretor<\/p>\n\n\n\n<p><a href=\"https:\/\/camaraavare.sp.gov.br\/planodiretor\/Regimento_Interno_CMPD_revisado_2016.pdf\" target=\"_blank\" rel=\"noreferrer noopener\">Regimento Interno 2016 (revisado)<\/a><\/p>\n\n\n\n<p><a href=\"https:\/\/camaraavare.sp.gov.br\/planodiretor\/LeiComplementar213.2016.pdf\" target=\"_blank\" rel=\"noreferrer noopener\">Lei Complementar n\u00b0 213\/2016<\/a><br><a href=\"https:\/\/camaraavare.sp.gov.br\/planodiretor\/ANEXOILeiComplementar213.2016.pdf\" target=\"_blank\" rel=\"noreferrer noopener\">Anexo I &#8211; Macrozonas<\/a><br><a href=\"https:\/\/camaraavare.sp.gov.br\/planodiretor\/ANEXOIILeiComplementar213.2016.pdf\" target=\"_blank\" rel=\"noreferrer noopener\">Anexo II &#8211; MZ-1<\/a><br><a href=\"https:\/\/camaraavare.sp.gov.br\/planodiretor\/ANEXOIIILeiComplementar213.2016.pdf\" target=\"_blank\" rel=\"noreferrer noopener\">Anexo III &#8211; MZ-1<\/a><br><a href=\"https:\/\/camaraavare.sp.gov.br\/planodiretor\/ANEXOIVLeiComplementar213.2016.pdf\" target=\"_blank\" rel=\"noreferrer noopener\">Anexo IV &#8211; MZ-2<\/a><br><a href=\"https:\/\/camaraavare.sp.gov.br\/planodiretor\/ANEXOVLeiComplementar213.2016.pdf\" target=\"_blank\" rel=\"noreferrer noopener\">Anexo V &#8211; MZ-3<\/a><br><a href=\"https:\/\/camaraavare.sp.gov.br\/planodiretor\/ANEXOVIILeiComplementar213.2016.pdf\" target=\"_blank\" rel=\"noreferrer noopener\">Anexo VII &#8211; Zona de Prote\u00e7ao Aer\u00f3dromo<\/a><\/p>\n\n\n\n<p><a href=\"https:\/\/www.legislacaodigital.com.br\/Avare-SP\/LeisComplementares\/231-2017\" target=\"_blank\" rel=\"noreferrer noopener\">Lei Complementar n\u00b0 231\/2017<\/a><br><a href=\"https:\/\/camaraavare.sp.gov.br\/planodiretor\/ANEXOIILeiComplementar231.2017.pdf\" target=\"_blank\" rel=\"noreferrer noopener\">Anexo II &#8211; MZ-1<\/a><\/p>\n\n\n\n<p><a href=\"https:\/\/www.legislacaodigital.com.br\/Avare-SP\/LeisComplementares\/248-2019\" target=\"_blank\" rel=\"noreferrer noopener\">Lei Complementar n\u00b0 248\/2019<\/a><br><a href=\"https:\/\/camaraavare.sp.gov.br\/planodiretor\/ANEXOII-LC248-2019.pdf\" target=\"_blank\" rel=\"noreferrer noopener\">Anexo II &#8211; MZ-1<\/a><\/p>\n\n\n\n<p><a href=\"https:\/\/camaraavare.sp.gov.br\/planodiretor\/ACMPD2016-2017-1a16.pdf\" target=\"_blank\" rel=\"noreferrer noopener\">Atas Bi\u00eanio 2016-2017, de 1 a 16<\/a><\/p>\n\n\n\n<p><strong>Resolu\u00e7\u00f5es<\/strong><\/p>\n\n\n\n<figure class=\"wp-block-table\"><table class=\"has-fixed-layout\"><tbody><tr><td><strong>2020<\/strong> &#8211; <a href=\"https:\/\/avarecamaramunicipal-my.sharepoint.com\/:f:\/g\/personal\/alexandrecustodio_avarecamaramunicipal_onmicrosoft_com\/IgDVWSOZyaJ1TLRUeywwc9zmARR9AhNX0jx7XCl-Ea5sN1s?e=LkhxHv\">183 a 186<\/a> <\/td><td> <strong>2019<\/strong> &#8211; <a href=\"https:\/\/avarecamaramunicipal-my.sharepoint.com\/:f:\/g\/personal\/alexandrecustodio_avarecamaramunicipal_onmicrosoft_com\/IgBMST7vjNMQQpDk99hXG9ZQAZUL3JDk1SA8HM7onyP109A?e=jzG97F\" data-type=\"link\" data-id=\"https:\/\/avarecamaramunicipal-my.sharepoint.com\/:f:\/g\/personal\/alexandrecustodio_avarecamaramunicipal_onmicrosoft_com\/IgBMST7vjNMQQpDk99hXG9ZQAZUL3JDk1SA8HM7onyP109A?e=jzG97F\">167 a 182<\/a><\/td><td><strong>2018<\/strong> &#8211; <a href=\"https:\/\/avarecamaramunicipal-my.sharepoint.com\/:f:\/g\/personal\/alexandrecustodio_avarecamaramunicipal_onmicrosoft_com\/IgBUNH167cEESq9E8maNKDDaAedZXJ0zvVE8LYDdbXiRso8?e=AC22oc\">158 a 166<\/a><\/td><td><strong>2017 <\/strong>&#8211; <a href=\"https:\/\/avarecamaramunicipal-my.sharepoint.com\/:f:\/g\/personal\/alexandrecustodio_avarecamaramunicipal_onmicrosoft_com\/IgBi-6HHDDkzQoz5drEjo7TrARza2LQkjAWwAcWPZmUPdaI?e=0dgZGo\">142 a 157<\/a><\/td><\/tr><tr><td><strong>2016 <\/strong>&#8211; <a href=\"https:\/\/avarecamaramunicipal-my.sharepoint.com\/:f:\/g\/personal\/alexandrecustodio_avarecamaramunicipal_onmicrosoft_com\/IgBYKv0lVwpXRLL1EZcbjsbuAT7ARv-9WPSAcY6LBBgRs6s?e=tVPPUv\">133 a a142<\/a><\/td><td><strong>2015 <\/strong>&#8211; <a href=\"https:\/\/avarecamaramunicipal-my.sharepoint.com\/:f:\/g\/personal\/alexandrecustodio_avarecamaramunicipal_onmicrosoft_com\/IgCHIwLZReoDTpTSizW6L5R8AWx-74lWXEw9ba33mFtIUwo?e=I6dDUn\">131 a 132<\/a><\/td><td><strong>2014<\/strong> &#8211; <a href=\"https:\/\/avarecamaramunicipal-my.sharepoint.com\/:f:\/g\/personal\/alexandrecustodio_avarecamaramunicipal_onmicrosoft_com\/IgBH1ZwVZDk_TptQaanndi2AAcQh5yCpYGetyv8-gIFNfVU?e=S5Cwbh\">130<\/a><\/td><td><\/td><\/tr><\/tbody><\/table><\/figure>\n\n\n\n<p><strong>Processos<\/strong><\/p>\n\n\n\n<figure class=\"wp-block-table\"><table class=\"has-fixed-layout\"><tbody><tr><td><strong>2017 <\/strong>&#8211; <a href=\"https:\/\/avarecamaramunicipal-my.sharepoint.com\/:f:\/g\/personal\/alexandrecustodio_avarecamaramunicipal_onmicrosoft_com\/IgBIqPoh4UzbT6_15ZKm-_GwATnwNZxt9D4e8NW99GeEJk8?e=2b90qV\">261 a 280<\/a><\/td><td><strong>2016 <\/strong>&#8211; <a href=\"https:\/\/avarecamaramunicipal-my.sharepoint.com\/:f:\/g\/personal\/alexandrecustodio_avarecamaramunicipal_onmicrosoft_com\/IgAeCMHnk6YATZvf9jM2QKkDAd42LTnq6W-jTAVAvUH0Evk?e=qZ5fgp\" target=\"_blank\" rel=\"noreferrer noopener\">236 a 260<\/a><\/td><td><strong>2015 <\/strong>&#8211; <a href=\"https:\/\/avarecamaramunicipal-my.sharepoint.com\/:f:\/g\/personal\/alexandrecustodio_avarecamaramunicipal_onmicrosoft_com\/IgCABEudjsq3SZPO5xLc7lcjATG9djqvjZq_kiOzTKuZEIo?e=0qsxn9\">205 a 235<\/a><\/td><td><strong>2014 <\/strong>&#8211; <a href=\"https:\/\/avarecamaramunicipal-my.sharepoint.com\/:f:\/g\/personal\/alexandrecustodio_avarecamaramunicipal_onmicrosoft_com\/IgDAgHNHlgdYT6oRQfAGhH8rARyJKUXdsL7UgSXoc7yaZis?e=BULJ2L\">165 a 204<\/a><\/td><\/tr><tr><td><strong>2013 <\/strong>&#8211;<a href=\"https:\/\/avarecamaramunicipal-my.sharepoint.com\/:f:\/g\/personal\/alexandrecustodio_avarecamaramunicipal_onmicrosoft_com\/IgCWLxU--umPTLGnpvKfkj5iAS2UEbscJyUG0id9xHjwCN0?e=gtGump\"> 92 a 164<\/a><\/td><td><strong>2012 <\/strong>&#8211; <a href=\"https:\/\/avarecamaramunicipal-my.sharepoint.com\/:f:\/g\/personal\/alexandrecustodio_avarecamaramunicipal_onmicrosoft_com\/IgAEAF38-EnIS4kG7Uv7wJQhAdLbvhi2mtI71VHgeKiJMYU?e=VOCq7F\">11 a 91<\/a><\/td><td><strong>2011 <\/strong>&#8211; <a href=\"https:\/\/avarecamaramunicipal-my.sharepoint.com\/:f:\/g\/personal\/alexandrecustodio_avarecamaramunicipal_onmicrosoft_com\/IgCM8QO0vVm0Tbv25zjFlPC5AaZNiq_zyRRNPh5MdikTVmU?e=ixZuLN\">1 a 10<\/a><\/td><td><\/td><\/tr><\/tbody><\/table><\/figure>\n\n\n\n<p>Participe da elabora\u00e7\u00e3o do Plano Diretor de Avar\u00e9.&nbsp;<a href=\"mailto:cmpdavare@gmail.com?subject=Via%20site%20da%20Camara\">Envie suas sugest\u00f5es<\/a>&nbsp;(cmpdavare@gmail.com).<\/p>\n\n\n\n<p><\/p>\n","protected":false},"excerpt":{"rendered":"<p>Conselho Municipal do Plano Diretor Regimento Interno 2016 (revisado) Lei Complementar n\u00b0 213\/2016Anexo I &#8211; MacrozonasAnexo II &#8211; MZ-1Anexo III &#8211; MZ-1Anexo IV &#8211; MZ-2Anexo V &#8211; MZ-3Anexo VII &#8211; Zona de Prote\u00e7ao Aer\u00f3dromo Lei Complementar n\u00b0 231\/2017Anexo II &#8211; MZ-1 Lei Complementar n\u00b0 248\/2019Anexo II &#8211; MZ-1 Atas Bi\u00eanio 2016-2017, de 1 a 16 [&hellip;]<\/p>\n","protected":false},"author":1,"featured_media":0,"parent":0,"menu_order":0,"comment_status":"closed","ping_status":"closed","template":"","meta":{"footnotes":""},"class_list":["post-391","page","type-page","status-publish","hentry"],"_links":{"self":[{"href":"https:\/\/camaraavare.sp.gov.br\/atividades\/index.php\/wp-json\/wp\/v2\/pages\/391","targetHints":{"allow":["GET"]}}],"collection":[{"href":"https:\/\/camaraavare.sp.gov.br\/atividades\/index.php\/wp-json\/wp\/v2\/pages"}],"about":[{"href":"https:\/\/camaraavare.sp.gov.br\/atividades\/index.php\/wp-json\/wp\/v2\/types\/page"}],"author":[{"embeddable":true,"href":"https:\/\/camaraavare.sp.gov.br\/atividades\/index.php\/wp-json\/wp\/v2\/users\/1"}],"replies":[{"embeddable":true,"href":"https:\/\/camaraavare.sp.gov.br\/atividades\/index.php\/wp-json\/wp\/v2\/comments?post=391"}],"version-history":[{"count":10,"href":"https:\/\/camaraavare.sp.gov.br\/atividades\/index.php\/wp-json\/wp\/v2\/pages\/391\/revisions"}],"predecessor-version":[{"id":405,"href":"https:\/\/camaraavare.sp.gov.br\/atividades\/index.php\/wp-json\/wp\/v2\/pages\/391\/revisions\/405"}],"wp:attachment":[{"href":"https:\/\/camaraavare.sp.gov.br\/atividades\/index.php\/wp-json\/wp\/v2\/media?parent=391"}],"curies":[{"name":"wp","href":"https:\/\/api.w.org\/{rel}","templated":true}]}}