{"id":283,"date":"2024-04-22T11:51:28","date_gmt":"2024-04-22T11:51:28","guid":{"rendered":"https:\/\/camaraavare.sp.gov.br\/atividades\/?page_id=283"},"modified":"2024-06-04T14:29:31","modified_gmt":"2024-06-04T17:29:31","slug":"comissao-especial-de-estudos-sobre-a-causa-animal","status":"publish","type":"page","link":"https:\/\/camaraavare.sp.gov.br\/atividades\/index.php\/comissao-especial-de-estudos-sobre-a-causa-animal\/","title":{"rendered":"Comiss\u00e3o Especial de Estudos sobre a Causa Animal"},"content":{"rendered":"\n<p>Acompanhe pelo site da C\u00e2mara os trabalhos da Comiss\u00e3o Especial de Estudos sobre a Causa Animal, com presid\u00eancia da vereadora Maria Isabel Dadario, tendo ainda como membros integrantes os vereadores Marcelo Ortega (relator) e Adalgisa Lopes Ward.<\/p>\n\n\n\n<figure class=\"wp-block-embed is-type-video is-provider-youtube wp-block-embed-youtube wp-embed-aspect-16-9 wp-has-aspect-ratio\"><div class=\"wp-block-embed__wrapper\">\n<iframe loading=\"lazy\" title=\"Comiss\u00e3o Especial de Estudos - Causa Animal - 24.04.2024\" width=\"625\" height=\"352\" src=\"https:\/\/www.youtube.com\/embed\/h5PSjMTxyNQ?feature=oembed\" frameborder=\"0\" allow=\"accelerometer; autoplay; clipboard-write; encrypted-media; gyroscope; picture-in-picture; web-share\" referrerpolicy=\"strict-origin-when-cross-origin\" allowfullscreen><\/iframe>\n<\/div><figcaption class=\"wp-element-caption\">24\/04\/2024 Parte 1<\/figcaption><\/figure>\n\n\n\n<figure class=\"wp-block-embed is-type-video is-provider-youtube wp-block-embed-youtube wp-embed-aspect-16-9 wp-has-aspect-ratio\"><div class=\"wp-block-embed__wrapper\">\n<iframe loading=\"lazy\" title=\"Comiss\u00e3o Especial de Estudos - Causa Animal - 24.04.2024\" width=\"625\" height=\"352\" src=\"https:\/\/www.youtube.com\/embed\/hzIYBvv9QeA?feature=oembed\" frameborder=\"0\" allow=\"accelerometer; autoplay; clipboard-write; encrypted-media; gyroscope; picture-in-picture; web-share\" referrerpolicy=\"strict-origin-when-cross-origin\" allowfullscreen><\/iframe>\n<\/div><figcaption class=\"wp-element-caption\">24\/04\/2024 Parte 2<\/figcaption><\/figure>\n\n\n\n<figure class=\"wp-block-embed is-type-video is-provider-youtube wp-block-embed-youtube wp-embed-aspect-16-9 wp-has-aspect-ratio\"><div class=\"wp-block-embed__wrapper\">\n<iframe loading=\"lazy\" title=\"Comiss\u00e3o Especial de Estudos - Causa Animal - 08.05.2024\" width=\"625\" height=\"352\" src=\"https:\/\/www.youtube.com\/embed\/gAJuh53Eobk?feature=oembed\" frameborder=\"0\" allow=\"accelerometer; autoplay; clipboard-write; encrypted-media; gyroscope; picture-in-picture; web-share\" referrerpolicy=\"strict-origin-when-cross-origin\" allowfullscreen><\/iframe>\n<\/div><figcaption class=\"wp-element-caption\">08\/05\/2024<\/figcaption><\/figure>\n\n\n\n<figure class=\"wp-block-embed is-type-video is-provider-youtube wp-block-embed-youtube wp-embed-aspect-16-9 wp-has-aspect-ratio\"><div class=\"wp-block-embed__wrapper\">\n<iframe loading=\"lazy\" title=\"Comiss\u00e3o Especial de Estudos - Causa Animal - 22.05.2024\" width=\"625\" height=\"352\" src=\"https:\/\/www.youtube.com\/embed\/NAwHYZDC9rg?feature=oembed\" frameborder=\"0\" allow=\"accelerometer; autoplay; clipboard-write; encrypted-media; gyroscope; picture-in-picture; web-share\" referrerpolicy=\"strict-origin-when-cross-origin\" allowfullscreen><\/iframe>\n<\/div><figcaption class=\"wp-element-caption\">22\/05\/2024<\/figcaption><\/figure>\n\n\n\n<p><\/p>\n","protected":false},"excerpt":{"rendered":"<p>Acompanhe pelo site da C\u00e2mara os trabalhos da Comiss\u00e3o Especial de Estudos sobre a Causa Animal, com presid\u00eancia da vereadora Maria Isabel Dadario, tendo ainda como membros integrantes os vereadores Marcelo Ortega (relator) e Adalgisa Lopes Ward.<\/p>\n","protected":false},"author":1,"featured_media":0,"parent":0,"menu_order":0,"comment_status":"closed","ping_status":"closed","template":"","meta":{"footnotes":""},"class_list":["post-283","page","type-page","status-publish","hentry"],"_links":{"self":[{"href":"https:\/\/camaraavare.sp.gov.br\/atividades\/index.php\/wp-json\/wp\/v2\/pages\/283","targetHints":{"allow":["GET"]}}],"collection":[{"href":"https:\/\/camaraavare.sp.gov.br\/atividades\/index.php\/wp-json\/wp\/v2\/pages"}],"about":[{"href":"https:\/\/camaraavare.sp.gov.br\/atividades\/index.php\/wp-json\/wp\/v2\/types\/page"}],"author":[{"embeddable":true,"href":"https:\/\/camaraavare.sp.gov.br\/atividades\/index.php\/wp-json\/wp\/v2\/users\/1"}],"replies":[{"embeddable":true,"href":"https:\/\/camaraavare.sp.gov.br\/atividades\/index.php\/wp-json\/wp\/v2\/comments?post=283"}],"version-history":[{"count":5,"href":"https:\/\/camaraavare.sp.gov.br\/atividades\/index.php\/wp-json\/wp\/v2\/pages\/283\/revisions"}],"predecessor-version":[{"id":299,"href":"https:\/\/camaraavare.sp.gov.br\/atividades\/index.php\/wp-json\/wp\/v2\/pages\/283\/revisions\/299"}],"wp:attachment":[{"href":"https:\/\/camaraavare.sp.gov.br\/atividades\/index.php\/wp-json\/wp\/v2\/media?parent=283"}],"curies":[{"name":"wp","href":"https:\/\/api.w.org\/{rel}","templated":true}]}}