{"id":239,"date":"2023-09-11T14:49:34","date_gmt":"2023-09-11T14:49:34","guid":{"rendered":"https:\/\/camaraavare.sp.gov.br\/atividades\/?page_id=239"},"modified":"2023-09-26T13:14:46","modified_gmt":"2023-09-26T13:14:46","slug":"ce-de","status":"publish","type":"page","link":"https:\/\/camaraavare.sp.gov.br\/atividades\/index.php\/ce-de\/","title":{"rendered":"Comiss\u00e3o Especial de Estudos Sobre Desenvolvimento Econ\u00f4mico"},"content":{"rendered":"\n<p>Acompanhe pelo site da C\u00e2mara os trabalhos da Comiss\u00e3o Especial de Estudos sobre o Desenvolvimento Econ\u00f4mico, com presid\u00eancia do vereador Marcelo Jos\u00e9 Ortega, tendo ainda como membros integrantes os vereadores Adalgisa Lopes Ward, Luiz Claudio da Costa e Hidalgo Andr\u00e9 de Freitas.<\/p>\n\n\n\n<figure class=\"wp-block-embed is-type-video is-provider-youtube wp-block-embed-youtube wp-embed-aspect-16-9 wp-has-aspect-ratio\"><div class=\"wp-block-embed__wrapper\">\n<iframe loading=\"lazy\" title=\"Comiss\u00e3o Especial de Estudo Sobre Desenvolvimento Econ\u00f4mico - 15.06.2023\" width=\"625\" height=\"352\" src=\"https:\/\/www.youtube.com\/embed\/yClSwpphhPs?feature=oembed\" frameborder=\"0\" allow=\"accelerometer; autoplay; clipboard-write; encrypted-media; gyroscope; picture-in-picture; web-share\" referrerpolicy=\"strict-origin-when-cross-origin\" allowfullscreen><\/iframe>\n<\/div><figcaption>15.06.2023<\/figcaption><\/figure>\n\n\n\n<figure class=\"wp-block-embed is-type-video is-provider-youtube wp-block-embed-youtube wp-embed-aspect-16-9 wp-has-aspect-ratio\"><div class=\"wp-block-embed__wrapper\">\n<iframe loading=\"lazy\" title=\"Comiss\u00e3o Especial de Estudos Sobre Desenvolvimento Econ\u00f4mico - 22.06.2023\" width=\"625\" height=\"352\" src=\"https:\/\/www.youtube.com\/embed\/Sa4ELj4cjwM?feature=oembed\" frameborder=\"0\" allow=\"accelerometer; autoplay; clipboard-write; encrypted-media; gyroscope; picture-in-picture; web-share\" referrerpolicy=\"strict-origin-when-cross-origin\" allowfullscreen><\/iframe>\n<\/div><figcaption>22.06.2023<\/figcaption><\/figure>\n\n\n\n<figure class=\"wp-block-embed is-type-video is-provider-youtube wp-block-embed-youtube wp-embed-aspect-16-9 wp-has-aspect-ratio\"><div class=\"wp-block-embed__wrapper\">\n<iframe loading=\"lazy\" title=\"Comiss\u00e3o Especial de Estudos Sobre Desenvolvimento Econ\u00f4mico - 29.06.2023\" width=\"625\" height=\"352\" src=\"https:\/\/www.youtube.com\/embed\/4n3BhEsrjlI?feature=oembed\" frameborder=\"0\" allow=\"accelerometer; autoplay; clipboard-write; encrypted-media; gyroscope; picture-in-picture; web-share\" referrerpolicy=\"strict-origin-when-cross-origin\" allowfullscreen><\/iframe>\n<\/div><figcaption>29.06.2023<\/figcaption><\/figure>\n\n\n\n<figure class=\"wp-block-embed is-type-video is-provider-youtube wp-block-embed-youtube wp-embed-aspect-16-9 wp-has-aspect-ratio\"><div class=\"wp-block-embed__wrapper\">\n<iframe loading=\"lazy\" title=\"Comiss\u00e3o Especial de Estudos Sobre Desenvolvimento Econ\u00f4mico.06.07.2023\" width=\"625\" height=\"352\" src=\"https:\/\/www.youtube.com\/embed\/QlOzW7WPT80?feature=oembed\" frameborder=\"0\" allow=\"accelerometer; autoplay; clipboard-write; encrypted-media; gyroscope; picture-in-picture; web-share\" referrerpolicy=\"strict-origin-when-cross-origin\" allowfullscreen><\/iframe>\n<\/div><figcaption>06.07.2023<\/figcaption><\/figure>\n\n\n\n<figure class=\"wp-block-embed is-type-video is-provider-youtube wp-block-embed-youtube wp-embed-aspect-16-9 wp-has-aspect-ratio\"><div class=\"wp-block-embed__wrapper\">\n<iframe loading=\"lazy\" title=\"Comiss\u00e3o Especial de Estudos Sobre Desenvolvimento Econ\u00f4mico - 03.08.2023\" width=\"625\" height=\"352\" src=\"https:\/\/www.youtube.com\/embed\/ZQcuswJKSgg?feature=oembed\" frameborder=\"0\" allow=\"accelerometer; autoplay; clipboard-write; encrypted-media; gyroscope; picture-in-picture; web-share\" referrerpolicy=\"strict-origin-when-cross-origin\" allowfullscreen><\/iframe>\n<\/div><figcaption>03.08.2023<\/figcaption><\/figure>\n\n\n\n<figure class=\"wp-block-embed is-type-video is-provider-youtube wp-block-embed-youtube wp-embed-aspect-16-9 wp-has-aspect-ratio\"><div class=\"wp-block-embed__wrapper\">\n<iframe loading=\"lazy\" title=\"Comiss\u00e3o Especial de Estudos Sobre Desenvolvimento Econ\u00f4mico.21.09.2023\" width=\"625\" height=\"352\" src=\"https:\/\/www.youtube.com\/embed\/7ZFgFtoSuQs?feature=oembed\" frameborder=\"0\" allow=\"accelerometer; autoplay; clipboard-write; encrypted-media; gyroscope; picture-in-picture; web-share\" referrerpolicy=\"strict-origin-when-cross-origin\" allowfullscreen><\/iframe>\n<\/div><figcaption>21.09.2023<\/figcaption><\/figure>\n","protected":false},"excerpt":{"rendered":"<p>Acompanhe pelo site da C\u00e2mara os trabalhos da Comiss\u00e3o Especial de Estudos sobre o Desenvolvimento Econ\u00f4mico, com presid\u00eancia do vereador Marcelo Jos\u00e9 Ortega, tendo ainda como membros integrantes os vereadores Adalgisa Lopes Ward, Luiz Claudio da Costa e Hidalgo Andr\u00e9 de Freitas.<\/p>\n","protected":false},"author":1,"featured_media":245,"parent":0,"menu_order":0,"comment_status":"closed","ping_status":"closed","template":"","meta":{"footnotes":""},"class_list":["post-239","page","type-page","status-publish","has-post-thumbnail","hentry"],"_links":{"self":[{"href":"https:\/\/camaraavare.sp.gov.br\/atividades\/index.php\/wp-json\/wp\/v2\/pages\/239","targetHints":{"allow":["GET"]}}],"collection":[{"href":"https:\/\/camaraavare.sp.gov.br\/atividades\/index.php\/wp-json\/wp\/v2\/pages"}],"about":[{"href":"https:\/\/camaraavare.sp.gov.br\/atividades\/index.php\/wp-json\/wp\/v2\/types\/page"}],"author":[{"embeddable":true,"href":"https:\/\/camaraavare.sp.gov.br\/atividades\/index.php\/wp-json\/wp\/v2\/users\/1"}],"replies":[{"embeddable":true,"href":"https:\/\/camaraavare.sp.gov.br\/atividades\/index.php\/wp-json\/wp\/v2\/comments?post=239"}],"version-history":[{"count":4,"href":"https:\/\/camaraavare.sp.gov.br\/atividades\/index.php\/wp-json\/wp\/v2\/pages\/239\/revisions"}],"predecessor-version":[{"id":256,"href":"https:\/\/camaraavare.sp.gov.br\/atividades\/index.php\/wp-json\/wp\/v2\/pages\/239\/revisions\/256"}],"wp:featuredmedia":[{"embeddable":true,"href":"https:\/\/camaraavare.sp.gov.br\/atividades\/index.php\/wp-json\/wp\/v2\/media\/245"}],"wp:attachment":[{"href":"https:\/\/camaraavare.sp.gov.br\/atividades\/index.php\/wp-json\/wp\/v2\/media?parent=239"}],"curies":[{"name":"wp","href":"https:\/\/api.w.org\/{rel}","templated":true}]}}