{"id":155,"date":"2023-05-02T18:12:25","date_gmt":"2023-05-02T18:12:25","guid":{"rendered":"https:\/\/camaraavare.sp.gov.br\/atividades\/?page_id=155"},"modified":"2023-08-28T15:30:09","modified_gmt":"2023-08-28T15:30:09","slug":"comissao-parlamentar-de-inquerito-radares","status":"publish","type":"page","link":"https:\/\/camaraavare.sp.gov.br\/atividades\/index.php\/comissao-parlamentar-de-inquerito-radares\/","title":{"rendered":"Comiss\u00e3o Parlamentar de Inqu\u00e9rito (Radares)"},"content":{"rendered":"\n<p>Acompanhe pelo site da C\u00e2mara os trabalhos da Comiss\u00e3o Parlamentar de Inqu\u00e9rito n\u00b0 0001\/2023, com presid\u00eancia do vereador Luiz Cl\u00e1udio da Costa, tendo ainda como membros integrantes Hidalgo Freitas (Relator), Marcelo Ortega (Membro) e Bel Dad\u00e1rio (suplente).<\/p>\n\n\n\n<h2 class=\"wp-block-heading\">Playlist com todos os depoimentos da CPI<\/h2>\n\n\n\n<figure class=\"wp-block-embed is-type-video is-provider-youtube wp-block-embed-youtube wp-embed-aspect-16-9 wp-has-aspect-ratio\"><div class=\"wp-block-embed__wrapper\">\n<iframe loading=\"lazy\" title=\"Oitivas CPI dos Radares\" width=\"625\" height=\"352\" src=\"https:\/\/www.youtube.com\/embed\/videoseries?list=PLvRxFQF6k7Ldfb7iIBxSyZ6nz96WfCQpE\" frameborder=\"0\" allow=\"accelerometer; autoplay; clipboard-write; encrypted-media; gyroscope; picture-in-picture; web-share\" referrerpolicy=\"strict-origin-when-cross-origin\" allowfullscreen><\/iframe>\n<\/div><figcaption>Playlist com todos os depoimentos da CPI<\/figcaption><\/figure>\n\n\n\n<figure class=\"wp-block-embed is-type-video is-provider-youtube wp-block-embed-youtube wp-embed-aspect-16-9 wp-has-aspect-ratio\"><div class=\"wp-block-embed__wrapper\">\n<iframe loading=\"lazy\" title=\"Oitivas CPI das Radares - Depoente 1 - 01\/08\/2023\" width=\"625\" height=\"352\" src=\"https:\/\/www.youtube.com\/embed\/H4raSpA6g84?feature=oembed\" frameborder=\"0\" allow=\"accelerometer; autoplay; clipboard-write; encrypted-media; gyroscope; picture-in-picture; web-share\" referrerpolicy=\"strict-origin-when-cross-origin\" allowfullscreen><\/iframe>\n<\/div><\/figure>\n\n\n\n<figure class=\"wp-block-embed is-type-video is-provider-youtube wp-block-embed-youtube wp-embed-aspect-16-9 wp-has-aspect-ratio\"><div class=\"wp-block-embed__wrapper\">\n<iframe loading=\"lazy\" title=\"Oitivas CPI das Radares - Depoente 2 - 01\/08\/2023\" width=\"625\" height=\"352\" src=\"https:\/\/www.youtube.com\/embed\/WLiSlctOeqw?feature=oembed\" frameborder=\"0\" allow=\"accelerometer; autoplay; clipboard-write; encrypted-media; gyroscope; picture-in-picture; web-share\" referrerpolicy=\"strict-origin-when-cross-origin\" allowfullscreen><\/iframe>\n<\/div><\/figure>\n\n\n\n<figure class=\"wp-block-embed is-type-video is-provider-youtube wp-block-embed-youtube wp-embed-aspect-16-9 wp-has-aspect-ratio\"><div class=\"wp-block-embed__wrapper\">\n<iframe loading=\"lazy\" title=\"Oitivas CPI das Radares - Depoente 3 - 01\/08\/2023\" width=\"625\" height=\"352\" src=\"https:\/\/www.youtube.com\/embed\/PrHImWUuUio?feature=oembed\" frameborder=\"0\" allow=\"accelerometer; autoplay; clipboard-write; encrypted-media; gyroscope; picture-in-picture; web-share\" referrerpolicy=\"strict-origin-when-cross-origin\" allowfullscreen><\/iframe>\n<\/div><\/figure>\n\n\n\n<figure class=\"wp-block-embed is-type-video is-provider-youtube wp-block-embed-youtube wp-embed-aspect-16-9 wp-has-aspect-ratio\"><div class=\"wp-block-embed__wrapper\">\n<iframe loading=\"lazy\" title=\"Oitivas CPI das Radares - Depoente 4 - 01\/08\/2023\" width=\"625\" height=\"352\" src=\"https:\/\/www.youtube.com\/embed\/5qQ5zmGuOKM?feature=oembed\" frameborder=\"0\" allow=\"accelerometer; autoplay; clipboard-write; encrypted-media; gyroscope; picture-in-picture; web-share\" referrerpolicy=\"strict-origin-when-cross-origin\" allowfullscreen><\/iframe>\n<\/div><\/figure>\n\n\n\n<figure class=\"wp-block-embed is-type-video is-provider-youtube wp-block-embed-youtube wp-embed-aspect-16-9 wp-has-aspect-ratio\"><div class=\"wp-block-embed__wrapper\">\n<iframe loading=\"lazy\" title=\"Oitivas CPI das Radares - Depoente 5 - 01\/08\/2023\" width=\"625\" height=\"352\" src=\"https:\/\/www.youtube.com\/embed\/Ml6zjiU8vEw?feature=oembed\" frameborder=\"0\" allow=\"accelerometer; autoplay; clipboard-write; encrypted-media; gyroscope; picture-in-picture; web-share\" referrerpolicy=\"strict-origin-when-cross-origin\" allowfullscreen><\/iframe>\n<\/div><\/figure>\n\n\n\n<figure class=\"wp-block-embed is-type-video is-provider-youtube wp-block-embed-youtube wp-embed-aspect-16-9 wp-has-aspect-ratio\"><div class=\"wp-block-embed__wrapper\">\n<iframe loading=\"lazy\" title=\"Oitivas CPI das Radares - Depoente 6 - 01\/08\/2023\" width=\"625\" height=\"352\" src=\"https:\/\/www.youtube.com\/embed\/dbkqJqbpJSs?feature=oembed\" frameborder=\"0\" allow=\"accelerometer; autoplay; clipboard-write; encrypted-media; gyroscope; picture-in-picture; web-share\" referrerpolicy=\"strict-origin-when-cross-origin\" allowfullscreen><\/iframe>\n<\/div><\/figure>\n\n\n\n<figure class=\"wp-block-embed is-type-video is-provider-youtube wp-block-embed-youtube wp-embed-aspect-16-9 wp-has-aspect-ratio\"><div class=\"wp-block-embed__wrapper\">\n<iframe loading=\"lazy\" title=\"Oitivas CPI das Radares - Depoente 7 - 01\/08\/2023\" width=\"625\" height=\"352\" src=\"https:\/\/www.youtube.com\/embed\/QFkYIaFPdjA?feature=oembed\" frameborder=\"0\" allow=\"accelerometer; autoplay; clipboard-write; encrypted-media; gyroscope; picture-in-picture; web-share\" referrerpolicy=\"strict-origin-when-cross-origin\" allowfullscreen><\/iframe>\n<\/div><\/figure>\n\n\n\n<figure class=\"wp-block-embed is-type-video is-provider-youtube wp-block-embed-youtube wp-embed-aspect-16-9 wp-has-aspect-ratio\"><div class=\"wp-block-embed__wrapper\">\n<iframe loading=\"lazy\" title=\"Oitivas CPI das Radares - Depoente 8 - 01\/08\/2023\" width=\"625\" height=\"352\" src=\"https:\/\/www.youtube.com\/embed\/4aGtLFUwXUM?feature=oembed\" frameborder=\"0\" allow=\"accelerometer; autoplay; clipboard-write; encrypted-media; gyroscope; picture-in-picture; web-share\" referrerpolicy=\"strict-origin-when-cross-origin\" allowfullscreen><\/iframe>\n<\/div><\/figure>\n\n\n\n<figure class=\"wp-block-embed is-type-video is-provider-youtube wp-block-embed-youtube wp-embed-aspect-16-9 wp-has-aspect-ratio\"><div class=\"wp-block-embed__wrapper\">\n<iframe loading=\"lazy\" title=\"Oitivas CPI das Radares - Depoente 9 - 01\/08\/2023\" width=\"625\" height=\"352\" src=\"https:\/\/www.youtube.com\/embed\/77YI94bH_f8?feature=oembed\" frameborder=\"0\" allow=\"accelerometer; autoplay; clipboard-write; encrypted-media; gyroscope; picture-in-picture; web-share\" referrerpolicy=\"strict-origin-when-cross-origin\" allowfullscreen><\/iframe>\n<\/div><\/figure>\n\n\n\n<figure class=\"wp-block-embed is-type-video is-provider-youtube wp-block-embed-youtube wp-embed-aspect-16-9 wp-has-aspect-ratio\"><div class=\"wp-block-embed__wrapper\">\n<iframe loading=\"lazy\" title=\"Oitivas CPI das Radares - Depoente 10 - 01\/08\/2023\" width=\"625\" height=\"352\" src=\"https:\/\/www.youtube.com\/embed\/9-AereThgwo?feature=oembed\" frameborder=\"0\" allow=\"accelerometer; autoplay; clipboard-write; encrypted-media; gyroscope; picture-in-picture; web-share\" referrerpolicy=\"strict-origin-when-cross-origin\" allowfullscreen><\/iframe>\n<\/div><\/figure>\n","protected":false},"excerpt":{"rendered":"<p>Acompanhe pelo site da C\u00e2mara os trabalhos da Comiss\u00e3o Parlamentar de Inqu\u00e9rito n\u00b0 0001\/2023, com presid\u00eancia do vereador Luiz Cl\u00e1udio da Costa, tendo ainda como membros integrantes Hidalgo Freitas (Relator), Marcelo Ortega (Membro) e Bel Dad\u00e1rio (suplente). Playlist com todos os depoimentos da CPI<\/p>\n","protected":false},"author":1,"featured_media":0,"parent":0,"menu_order":0,"comment_status":"closed","ping_status":"closed","template":"","meta":{"footnotes":""},"class_list":["post-155","page","type-page","status-publish","hentry"],"_links":{"self":[{"href":"https:\/\/camaraavare.sp.gov.br\/atividades\/index.php\/wp-json\/wp\/v2\/pages\/155","targetHints":{"allow":["GET"]}}],"collection":[{"href":"https:\/\/camaraavare.sp.gov.br\/atividades\/index.php\/wp-json\/wp\/v2\/pages"}],"about":[{"href":"https:\/\/camaraavare.sp.gov.br\/atividades\/index.php\/wp-json\/wp\/v2\/types\/page"}],"author":[{"embeddable":true,"href":"https:\/\/camaraavare.sp.gov.br\/atividades\/index.php\/wp-json\/wp\/v2\/users\/1"}],"replies":[{"embeddable":true,"href":"https:\/\/camaraavare.sp.gov.br\/atividades\/index.php\/wp-json\/wp\/v2\/comments?post=155"}],"version-history":[{"count":6,"href":"https:\/\/camaraavare.sp.gov.br\/atividades\/index.php\/wp-json\/wp\/v2\/pages\/155\/revisions"}],"predecessor-version":[{"id":232,"href":"https:\/\/camaraavare.sp.gov.br\/atividades\/index.php\/wp-json\/wp\/v2\/pages\/155\/revisions\/232"}],"wp:attachment":[{"href":"https:\/\/camaraavare.sp.gov.br\/atividades\/index.php\/wp-json\/wp\/v2\/media?parent=155"}],"curies":[{"name":"wp","href":"https:\/\/api.w.org\/{rel}","templated":true}]}}